{"id":97,"date":"2026-01-17T18:10:03","date_gmt":"2026-01-17T17:10:03","guid":{"rendered":"https:\/\/tramborg.de\/orgel\/?page_id=97"},"modified":"2026-02-05T18:28:04","modified_gmt":"2026-02-05T17:28:04","slug":"kontakt-impressum","status":"publish","type":"page","link":"https:\/\/www.stertzingorgel.de\/?page_id=97","title":{"rendered":"Kontakt \/ Impressum"},"content":{"rendered":"\n<p class=\"wp-block-paragraph\"><strong>Kontakt:<\/strong><\/p>\n\n\n\n<p class=\"wp-block-paragraph\">&#8222;F\u00f6rderkreis Stertzing-Orgel in B\u00fc\u00dfleben e.V. &#8222;<\/p>\n\n\n\n<p class=\"wp-block-paragraph\">Am Peterbach 3<br>D 99098 Erfurt<br>eMail: webmaster@stertzingorgel.de<\/p>\n\n\n\n<p class=\"wp-block-paragraph\"><strong>Unser Spendenkonto:<\/strong><\/p>\n\n\n\n<p class=\"wp-block-paragraph\">IBAN: DE52 1209 6597 0002 5707 85<br>BIC: GENODEF1S10 \/ Sparda-Bank Berlin<\/p>\n\n\n\n<p class=\"wp-block-paragraph\"><strong>Impressum:<\/strong><\/p>\n\n\n\n<p class=\"wp-block-paragraph\">&#8222;F\u00f6rderkreis Stertzing-Orgel in B\u00fc\u00dfleben e.V. &#8222;<\/p>\n\n\n\n<p class=\"wp-block-paragraph\">Am Peterbach 3<br>D 99098 Erfurt<br>Internet: www.stertzingorgel.de<br>eMail: webmaster@stertzingorgel.de<\/p>\n\n\n\n<p class=\"wp-block-paragraph\">Vertretungsberechtigter Vorstand: Antje Bachmann<\/p>\n\n\n\n<p class=\"wp-block-paragraph\">Registergericht: Amtsgericht Erfurt Registernummer: VR 161591<\/p>\n\n\n\n<p class=\"wp-block-paragraph\">Inhaltlich Verantwortlicher gem\u00e4\u00df \u00a7 10 Absatz 3 MDStV: Frau Antje Bachmann<\/p>\n\n\n\n<p class=\"wp-block-paragraph\">Haftungshinweis: Trotz sorgf\u00e4ltiger inhaltlicher Kontrolle \u00fcbernehmen wir keine Haftung f\u00fcr die Inhalte externer Links. F\u00fcr den Inhalt der verlinkten Seiten sind ausschlie\u00dflich deren Betreiber verantwortlich.<\/p>\n\n\n\n<p class=\"wp-block-paragraph\">Gestaltung: Kai Tramborg<br>Fotos: Hermann Fox, Reinhold Wilberg, Kathrin H\u00f6rr<\/p>\n","protected":false},"excerpt":{"rendered":"<p>Kontakt: &#8222;F\u00f6rderkreis Stertzing-Orgel in B\u00fc\u00dfleben e.V. &#8222; Am Peterbach 3D 99098 ErfurteMail: webmaster@stertzingorgel.de Unser Spendenkonto: IBAN: DE52 1209 6597 0002 5707 85BIC: [&hellip;]<\/p>\n","protected":false},"author":1,"featured_media":0,"parent":0,"menu_order":0,"comment_status":"closed","ping_status":"closed","template":"","meta":{"_crdt_document":"","footnotes":""},"class_list":["post-97","page","type-page","status-publish","hentry"],"_links":{"self":[{"href":"https:\/\/www.stertzingorgel.de\/index.php?rest_route=\/wp\/v2\/pages\/97","targetHints":{"allow":["GET"]}}],"collection":[{"href":"https:\/\/www.stertzingorgel.de\/index.php?rest_route=\/wp\/v2\/pages"}],"about":[{"href":"https:\/\/www.stertzingorgel.de\/index.php?rest_route=\/wp\/v2\/types\/page"}],"author":[{"embeddable":true,"href":"https:\/\/www.stertzingorgel.de\/index.php?rest_route=\/wp\/v2\/users\/1"}],"replies":[{"embeddable":true,"href":"https:\/\/www.stertzingorgel.de\/index.php?rest_route=%2Fwp%2Fv2%2Fcomments&post=97"}],"version-history":[{"count":3,"href":"https:\/\/www.stertzingorgel.de\/index.php?rest_route=\/wp\/v2\/pages\/97\/revisions"}],"predecessor-version":[{"id":199,"href":"https:\/\/www.stertzingorgel.de\/index.php?rest_route=\/wp\/v2\/pages\/97\/revisions\/199"}],"wp:attachment":[{"href":"https:\/\/www.stertzingorgel.de\/index.php?rest_route=%2Fwp%2Fv2%2Fmedia&parent=97"}],"curies":[{"name":"wp","href":"https:\/\/api.w.org\/{rel}","templated":true}]}}