{"id":78,"date":"2026-01-17T17:38:56","date_gmt":"2026-01-17T16:38:56","guid":{"rendered":"https:\/\/tramborg.de\/orgel\/?page_id=78"},"modified":"2026-03-14T21:06:04","modified_gmt":"2026-03-14T20:06:04","slug":"verein","status":"publish","type":"page","link":"https:\/\/www.stertzingorgel.de\/?page_id=78","title":{"rendered":"Informationen zum Verein"},"content":{"rendered":"\n<h3 class=\"wp-block-heading\">Unser Verein zur Erhaltung der denkmalgesch\u00fctzten Stertzingorgel als Kulturgut und die F\u00f6rderung deren kultureller Nutzung in der St. Petrikirche B\u00fc\u00dfleben<\/h3>\n\n\n\n<p class=\"wp-block-paragraph\">Auf dieser Homepage wollen wir Ihnen die Stertzing-Orgel in Erfurt\u2013B\u00fc\u00dfleben, sowie den &#8222;F\u00f6rderkreis Stertzing-Orgel in B\u00fc\u00dfleben e.V.&#8220; vorstellen. Im Erfurter Ortsteil B\u00fc\u00dfleben befindet sich in der St. Petri-Kirche eine sehr wertvolle Orgel aus dem Jahr 1702. Sie ist die \u00e4lteste original erhaltene in der Stadt Erfurt und in ihrer Gr\u00f6\u00dfe sogar die \u00e4lteste Orgel im Th\u00fcringer Raum!<br>Leider war sie in Ihrem letzten Zustand (1999) vor der Restaurierung kaum noch benutzbar. 1989 erstellte Herr Schmidt von der Orgelbaufirma Schuke aus Potsdam ein vernichtendes Gutachten \u00fcber den Zustand der Orgel. In diesem Gutachten wurde aber auch die Einzigartigkeit und der enorme kulturhistorische Wert dieses Instrumentes hervorgehoben. Diese Tatsachen sowie der anstehende 300. Geburtstag der Orgel im Jahr 2002 veranlasste im Dezember 1996 die B\u00fc\u00dflebener Kantorin Frau Sabine Dill, mit ein paar Musikliebhabern den Orgelverein zu gr\u00fcnden, um die Restaurierung der Orgel in die Wege zu leiten.<br>Der Verein sieht als Aufgabe nach der Restaurierung, die mit der Wiedereinweihung im Jahr 2002 und der endg\u00fcltigen Abnahme im Jahr 2005 abgeschlossen wurde, nun die Erhaltung der einzigartigen Orgel und Beitr\u00e4ge zur Gestaltung des kirchenmusikalischen Lebens in B\u00fc\u00dfleben. Auch Sie k\u00f6nnen mithelfen: Spenden Sie f\u00fcr unsere Orgel und die Kirchenmusik in B\u00fc\u00dfleben und werden Sie Mitglied in unserem Verein!<\/p>\n\n\n\n<p class=\"wp-block-paragraph\">Die aktuelle Satzung kann <a href=\"https:\/\/www.stertzingorgel.de\/wp-content\/uploads\/2026\/01\/Satzung_2016_06_17.pdf\" target=\"_blank\" rel=\"noreferrer noopener\">hier<\/a> geladen werden.<\/p>\n\n\n\n<p class=\"wp-block-paragraph\"><strong>Unser Spendenkonto:<\/strong><br>IBAN: DE52 1209 6597 0002 5707 85<br>BIC: GENODEF1S10 \/ Sparda-Bank Berlin<\/p>\n","protected":false},"excerpt":{"rendered":"<p>Unser Verein zur Erhaltung der denkmalgesch\u00fctzten Stertzingorgel als Kulturgut und die F\u00f6rderung deren kultureller Nutzung in der St. Petrikirche B\u00fc\u00dfleben Auf dieser [&hellip;]<\/p>\n","protected":false},"author":1,"featured_media":0,"parent":0,"menu_order":0,"comment_status":"closed","ping_status":"closed","template":"","meta":{"_crdt_document":"","footnotes":""},"class_list":["post-78","page","type-page","status-publish","hentry"],"_links":{"self":[{"href":"https:\/\/www.stertzingorgel.de\/index.php?rest_route=\/wp\/v2\/pages\/78","targetHints":{"allow":["GET"]}}],"collection":[{"href":"https:\/\/www.stertzingorgel.de\/index.php?rest_route=\/wp\/v2\/pages"}],"about":[{"href":"https:\/\/www.stertzingorgel.de\/index.php?rest_route=\/wp\/v2\/types\/page"}],"author":[{"embeddable":true,"href":"https:\/\/www.stertzingorgel.de\/index.php?rest_route=\/wp\/v2\/users\/1"}],"replies":[{"embeddable":true,"href":"https:\/\/www.stertzingorgel.de\/index.php?rest_route=%2Fwp%2Fv2%2Fcomments&post=78"}],"version-history":[{"count":10,"href":"https:\/\/www.stertzingorgel.de\/index.php?rest_route=\/wp\/v2\/pages\/78\/revisions"}],"predecessor-version":[{"id":247,"href":"https:\/\/www.stertzingorgel.de\/index.php?rest_route=\/wp\/v2\/pages\/78\/revisions\/247"}],"wp:attachment":[{"href":"https:\/\/www.stertzingorgel.de\/index.php?rest_route=%2Fwp%2Fv2%2Fmedia&parent=78"}],"curies":[{"name":"wp","href":"https:\/\/api.w.org\/{rel}","templated":true}]}}